{"id":97,"date":"2022-02-23T09:28:51","date_gmt":"2022-02-23T08:28:51","guid":{"rendered":"https:\/\/demo.plus36creatives.hu\/micro\/?page_id=97"},"modified":"2022-02-23T13:06:36","modified_gmt":"2022-02-23T12:06:36","slug":"impresszum","status":"publish","type":"page","link":"https:\/\/demo.plus36creatives.hu\/micro\/impresszum\/","title":{"rendered":"Impresszum"},"content":{"rendered":"\n<div class=\"wp-block-columns is-layout-flex wp-container-core-columns-is-layout-28f84493 wp-block-columns-is-layout-flex\">\n<div class=\"wp-block-column is-layout-flow wp-block-column-is-layout-flow\">\n<h3 class=\"wp-block-heading\">Oldal fenntart\u00f3ja<\/h3>\n\n\n\n<p>C\u00e9gn\u00e9v: <br>Sz\u00e9khely: <br>C\u00edm:<br>Ad\u00f3sz\u00e1m: <br>C\u00e9gjegyz\u00e9ksz\u00e1m:<\/p>\n<\/div>\n\n\n\n<div class=\"wp-block-column is-layout-flow wp-block-column-is-layout-flow\">\n<h3 class=\"wp-block-heading\">Szerver\u00fczemeltet\u00e9s<\/h3>\n\n\n\n<p>C\u00e9gn\u00e9v: <br>Sz\u00e9khely: <br>C\u00edm: <br>Ad\u00f3sz\u00e1m: <br>C\u00e9gjegyz\u00e9ksz\u00e1m: <\/p>\n<\/div>\n<\/div>\n\n\n\n<div class=\"wp-block-columns is-layout-flex wp-container-core-columns-is-layout-28f84493 wp-block-columns-is-layout-flex\">\n<div class=\"wp-block-column is-layout-flow wp-block-column-is-layout-flow\">\n<p><strong>El\u00e9rhet\u0151s\u00e9g:<\/strong><br>Telefon:\u00a0<br>E-mail:\u00a0<\/p>\n<\/div>\n\n\n\n<div class=\"wp-block-column is-layout-flow wp-block-column-is-layout-flow\">\n<p><strong>El\u00e9rhet\u0151s\u00e9g:<\/strong><br>Telefon:&nbsp;<br>E-mail:&nbsp;<\/p>\n<\/div>\n<\/div>\n\n\n\n<div class=\"wp-block-columns is-layout-flex wp-container-core-columns-is-layout-28f84493 wp-block-columns-is-layout-flex\">\n<div class=\"wp-block-column is-layout-flow wp-block-column-is-layout-flow\"><\/div>\n\n\n\n<div class=\"wp-block-column is-layout-flow wp-block-column-is-layout-flow\">\n<p><strong>\u00dcgyf\u00e9lszolg\u00e1lat<\/strong>:<br>Telefon:<br>E-mail:<br>Web:<\/p>\n<\/div>\n<\/div>\n","protected":false},"excerpt":{"rendered":"<p>Oldal fenntart\u00f3ja C\u00e9gn\u00e9v: Sz\u00e9khely: C\u00edm:Ad\u00f3sz\u00e1m: C\u00e9gjegyz\u00e9ksz\u00e1m: Szerver\u00fczemeltet\u00e9s C\u00e9gn\u00e9v: Sz\u00e9khely: C\u00edm: Ad\u00f3sz\u00e1m: C\u00e9gjegyz\u00e9ksz\u00e1m: El\u00e9rhet\u0151s\u00e9g:Telefon:\u00a0E-mail:\u00a0 El\u00e9rhet\u0151s\u00e9g:Telefon:&nbsp;E-mail:&nbsp; \u00dcgyf\u00e9lszolg\u00e1lat:Telefon:E-mail:Web:<\/p>\n","protected":false},"author":1,"featured_media":0,"parent":0,"menu_order":0,"comment_status":"closed","ping_status":"closed","template":"","meta":{"_acf_changed":false,"footnotes":""},"class_list":["post-97","page","type-page","status-publish","hentry"],"acf":[],"_links":{"self":[{"href":"https:\/\/demo.plus36creatives.hu\/micro\/wp-json\/wp\/v2\/pages\/97","targetHints":{"allow":["GET"]}}],"collection":[{"href":"https:\/\/demo.plus36creatives.hu\/micro\/wp-json\/wp\/v2\/pages"}],"about":[{"href":"https:\/\/demo.plus36creatives.hu\/micro\/wp-json\/wp\/v2\/types\/page"}],"author":[{"embeddable":true,"href":"https:\/\/demo.plus36creatives.hu\/micro\/wp-json\/wp\/v2\/users\/1"}],"replies":[{"embeddable":true,"href":"https:\/\/demo.plus36creatives.hu\/micro\/wp-json\/wp\/v2\/comments?post=97"}],"version-history":[{"count":0,"href":"https:\/\/demo.plus36creatives.hu\/micro\/wp-json\/wp\/v2\/pages\/97\/revisions"}],"wp:attachment":[{"href":"https:\/\/demo.plus36creatives.hu\/micro\/wp-json\/wp\/v2\/media?parent=97"}],"curies":[{"name":"wp","href":"https:\/\/api.w.org\/{rel}","templated":true}]}}