{"id":94,"date":"2022-02-23T09:28:26","date_gmt":"2022-02-23T08:28:26","guid":{"rendered":"https:\/\/demo.plus36creatives.hu\/micro\/?page_id=94"},"modified":"2022-02-23T12:21:35","modified_gmt":"2022-02-23T11:21:35","slug":"suti-szabalyzat","status":"publish","type":"page","link":"https:\/\/demo.plus36creatives.hu\/micro\/suti-szabalyzat\/","title":{"rendered":"S\u00fcti-szab\u00e1lyzat"},"content":{"rendered":"\n<p>Hat\u00e1lyos 2022. janu\u00e1r 1. napj\u00e1t\u00f3l<\/p>\n\n\n\n<h6 class=\"wp-block-heading\">Az EU 2009\/136\/CE rendelete \u00e9s a vonatkoz\u00f3 jogszab\u00e1lyok szerint t\u00e1j\u00e9koztatjuk, hogy ez a weboldal saj\u00e1t \u00e9s harmadik f\u00e9lt\u0151l sz\u00e1rmaz\u00f3 cookiekat is haszn\u00e1l. Olvassa el ezt a t\u00e1j\u00e9koztat\u00f3t annak meg\u00e9rt\u00e9se \u00e9rdek\u00e9ben, hogy a s\u00fctik haszn\u00e1lat\u00e1val milyen inform\u00e1ci\u00f3kat gy\u0171jt\u00fcnk \u00e9s ezeket hogyan haszn\u00e1ljuk, illetve a cookie-be\u00e1ll\u00edt\u00e1sok szab\u00e1lyoz\u00e1s\u00e1nak m\u00f3dj\u00e1r\u00f3l is itt t\u00e1j\u00e9koz\u00f3dhat!<br>Fontos tudnia, hogy a weblapunkon b\u00e1rmikor megv\u00e1ltoztathatja, vagy visszavonhatja a beleegyez\u00e9sedet a cookie-haszn\u00e1lathoz. A hozz\u00e1j\u00e1rul\u00e1sa minden esetben a ezen domain-re vonatkozik. Arr\u00f3l, hogy hogyan kezelj\u00fck az adatait, \u00edgy a s\u00fctik \u00e1ltal hozz\u00e1nk jut\u00f3 adatait is, az Adatv\u00e9delmi T\u00e1j\u00e9koztat\u00f3ban olvashat b\u0151vebben, ahol a c\u00e9gadatainkat, el\u00e9rhet\u0151s\u00e9geinket is felt\u00fcntett\u00fck.<\/h6>\n\n\n\n<p><\/p>\n\n\n\n<div style=\"height:20px\" aria-hidden=\"true\" class=\"wp-block-spacer\"><\/div>\n\n\n\n<h5 class=\"wp-block-heading\">I. MIK AZOK A S\u00dcTIK\/COOKIE-K?<\/h5>\n\n\n\n<p>A \u201ecookie\u201d, vagy magyarul \u201es\u00fcti\u201d egy a sz\u00e1m\u00edt\u00f3g\u00e9p\u00e9re mentett kis f\u00e1jl, amely megk\u00f6nny\u00edti a megl\u00e1togatott oldalakon l\u00e9v\u0151 be\u00e1ll\u00edt\u00e1sok \u00e9s egy\u00e9b inform\u00e1ci\u00f3k t\u00e1rol\u00e1s\u00e1t, az haszn\u00e1lt eszk\u00f6z azonos\u00edt\u00e1s\u00e1t. Ezek a cookie-k seg\u00edtenek benn\u00fcnket abban, hogy a weboldal megfelel\u0151en m\u0171k\u00f6dj\u00f6n, hogy biztons\u00e1gosabb\u00e1 tegy\u00fck a weboldalt, \u00e9s hogy jobb felhaszn\u00e1l\u00f3i \u00e9lm\u00e9nyt ny\u00fajtsunk, valamint elemezhess\u00fck a webhely teljes\u00edtm\u00e9ny\u00e9t, \u00e9s t\u00e1j\u00e9koz\u00f3dhassunk arr\u00f3l, min kell jav\u00edtanunk.<br>A cookie-k akkor ker\u00fclnek t\u00e1rol\u00e1sra a haszn\u00e1lt eszk\u00f6z\u00f6n, amikor a webhely bet\u00f6lt\u0151dik a b\u00f6ng\u00e9sz\u0151ben.<\/p>\n\n\n\n<div style=\"height:20px\" aria-hidden=\"true\" class=\"wp-block-spacer\"><\/div>\n\n\n\n<h5 class=\"wp-block-heading\">II. MILYEN S\u00dcTIKET HASZN\u00c1LUNK \u00c9S MILYEN C\u00c9LRA?<\/h5>\n\n\n\n<p>Az online szolg\u00e1ltat\u00e1sok t\u00f6bbs\u00e9ge \u2013 \u00edgy weboldalunk is \u2013 sz\u00e1mos c\u00e9lra haszn\u00e1lja az els\u0151 \u00e9s harmadik f\u00e9lt\u0151l sz\u00e1rmaz\u00f3 s\u00fctiket. Az els\u0151 f\u00e9lt\u0151l sz\u00e1rmaz\u00f3 s\u00fctik t\u00f6bbnyire&nbsp;<strong>a webhely megfelel\u0151 m\u0171k\u00f6d\u00e9s\u00e9hez sz\u00fcks\u00e9gesek<\/strong>, \u00e9s nem gy\u0171jtenek szem\u00e9lyazonos\u00edt\u00e1sra alkalmas adatokat. A harmadik f\u00e9lt\u0151l sz\u00e1rmaz\u00f3 s\u00fctiket els\u0151sorban a&nbsp;<strong>webhely teljes\u00edtm\u00e9ny\u00e9nek \u00e9s az interakci\u00f3k m\u00e9r\u00e9s\u00e9re marketing c\u00e9llal<\/strong>, illetve&nbsp;<strong>a szolg\u00e1ltat\u00e1sok biztons\u00e1g\u00e1nak meg\u0151rz\u00e9s\u00e9re&nbsp;<\/strong>haszn\u00e1ljuk.<\/p>\n\n\n\n<p>A cookie-t a megl\u00e1togatott oldal, vagy a cookie szolg\u00e1ltat\u00f3 szervere k\u00fcldi a b\u00f6ng\u00e9sz\u0151be, amely azt lementi a haszn\u00e1lt eszk\u00f6zre, p\u00e9ld\u00e1ul a sz\u00e1m\u00edt\u00f3g\u00e9pre, telefonra, vagy tabletre. Ezut\u00e1n minden oldal bet\u00f6lt\u00e9sekor a b\u00f6ng\u00e9sz\u0151 \u00fajra \u00e9s \u00fajra elk\u00fcldi a cookie-t a szervernek, amely azt beolvassa, \u00e9s felhaszn\u00e1lja valamilyen hasznos c\u00e9lra.<\/p>\n\n\n\n<p>A honlapra t\u00f6rt\u00e9n\u0151 l\u00e1togat\u00e1s alkalm\u00e1val\u00a0<strong>figyelmeztet\u00e9st kap<\/strong>\u00a0a s\u00fctik haszn\u00e1lat\u00e1r\u00f3l \u2013 az oldal alj\u00e1n felbukkan\u00f3 ablakban \u2013, amelyben a hozz\u00e1j\u00e1rul\u00e1st k\u00e9rj\u00fck a s\u00fctik futtat\u00e1s\u00e1hoz.<br><br>K\u00e9tf\u00e9le cookie-t helyezhet\u00fcnk el\u00a0<strong>a kifejezett hozz\u00e1j\u00e1rul\u00e1sa n\u00e9lk\u00fcl\u00a0<\/strong>a jogszab\u00e1ly alapj\u00e1n \u2013 ezeket egy\u00fcttesen a m\u0171k\u00f6d\u00e9shez sz\u00fcks\u00e9ges cookie-nak nevezz\u00fck:<\/p>\n\n\n\n<ol class=\"wp-block-list\"><li>az egyik, aminek\u00a0<strong>a c\u00e9lja csak a k\u00f6zl\u00e9stov\u00e1bb\u00edt\u00e1s<\/strong>, vagy annak megk\u00f6nny\u00edt\u00e9se (pl. load balancing session cookie: terhel\u00e9skiegyenl\u00edt\u0151 munkamenet-cookie)<\/li><li>a m\u00e1sik, aminek\u00a0<strong>a c\u00e9lja a k\u00e9rt szolg\u00e1ltat\u00e1s ny\u00fajt\u00e1s\u00e1hoz felt\u00e9tlen\u00fcl sz\u00fcks\u00e9ges\u00a0<\/strong>(pl. ha be\u00edrja az adatait a regisztr\u00e1ci\u00f3, kapcsolatfelv\u00e9tel sor\u00e1n, akkor ezt r\u00f6gz\u00edteni tudjuk). Ugyan\u00edgy sz\u00fcks\u00e9ges cookie-nak min\u0151s\u00fclnek a szerz\u0151d\u00e9s ny\u00fajt\u00e1s\u00e1hoz\u00a0<strong>a csal\u00e1sok megel\u0151z\u00e9s\u00e9re<\/strong>\u00a0haszn\u00e1lt cookie-k.<\/li><\/ol>\n\n\n\n<p>Az egy\u00e9b cookie-kat, \u00edgy p\u00e9ld\u00e1ul\u00a0<strong>a statisztikai c\u00e9l\u00fa vagy marketing c\u00e9l\u00fa<\/strong>,\u00a0<strong>a b\u00f6ng\u00e9sz\u00e9si szok\u00e1sokat tov\u00e1bb\u00edt\u00f3\u00a0<\/strong>cookie-kat csak hozz\u00e1j\u00e1rul\u00e1s eset\u00e9n haszn\u00e1ljuk:<\/p>\n\n\n\n<ul class=\"wp-block-list\"><li><strong>Statisztikai s\u00fctik:<\/strong>&nbsp;Ezek a s\u00fctik a webhely l\u00e1togat\u00f3inak sz\u00e1m\u00e1t, az egyedi l\u00e1togat\u00f3k sz\u00e1m\u00e1t t\u00e1rolj\u00e1k. Inform\u00e1ci\u00f3kat adnak a weboldal oldalainak megtekint\u00e9s\u00e9r\u0151l, a l\u00e1togat\u00e1s forr\u00e1s\u00e1r\u00f3l, stb. Ezek az adatok seg\u00edtenek meg\u00e9rteni \u00e9s elemezni a webhely teljes\u00edtm\u00e9ny\u00e9t, \u00e9s kider\u00edteni, mely r\u00e9szek szorulnak fejleszt\u00e9sre.<\/li><li><strong>Viselked\u00e9si \u00e9s hirdet\u00e9si s\u00fctik:&nbsp;<\/strong>A marketing c\u00e9l\u00fa, szem\u00e9lyre szabott hirdet\u00e9sekhez, aj\u00e1nl\u00e1sokhoz sz\u00fcks\u00e9ges cookie-kat arra haszn\u00e1lhatjuk, hogy szem\u00e9lyre szabhassuk a megjelen\u00edtett hirdet\u00e9seket, hogy azok \u00e9rdekesek legyenek a l\u00e1togat\u00f3 sz\u00e1m\u00e1ra. Ezek a s\u00fctik seg\u00edtenek nyomon k\u00f6vetni egy-egy hirdet\u00e9si kamp\u00e1ny hat\u00e9konys\u00e1g\u00e1t. Az ezekben a s\u00fctikben t\u00e1rolt inform\u00e1ci\u00f3kat a harmadik f\u00e9l hirdet\u00e9sszolg\u00e1ltat\u00f3i felhaszn\u00e1lhatj\u00e1k arra is, hogy hirdet\u00e9seket jelen\u00edtsenek meg a b\u00f6ng\u00e9sz\u0151 m\u00e1s webhelyein is.<\/li><\/ul>\n\n\n\n<div style=\"height:20px\" aria-hidden=\"true\" class=\"wp-block-spacer\"><\/div>\n\n\n\n<h5 class=\"wp-block-heading\">III. MI\u00c9RT HASZNOS, HA ENGED\u00c9LYEZZE A COOKIE HASZN\u00c1LAT\u00c1T?<\/h5>\n\n\n\n<ul class=\"wp-block-list\"><li>Jav\u00edtja a b\u00f6ng\u00e9sz\u00e9s \u00e9lm\u00e9ny\u00e9t \u00e9s teljes\u00edtm\u00e9ny\u00e9t.<\/li><li>Megmaradnak az egyedi be\u00e1ll\u00edt\u00e1sai (pl. nyelv, sz\u00e1ml\u00e1z\u00e1si c\u00edm).<\/li><li>Szem\u00e9lyre szabott, az \u00e9rdekl\u0151d\u00e9s\u00e9nek megfelel\u0151 hirdet\u00e9sek jelennek meg.<\/li><\/ul>\n\n\n\n<p>Ha \u00fagy d\u00f6nt, hogy nem szeretn\u00e9 enged\u00e9lyezni a cookie-kat, akkor r\u00e9sz\u00fcnkr\u0151l h\u00e1tr\u00e1ny nem \u00e9r, de ezzel mindenk\u00e9ppen sz\u00e1moljon:<\/p>\n\n\n\n<ul class=\"wp-block-list\"><li>Egy\u00e9ni be\u00e1ll\u00edt\u00e1sai elvesznek, ezeket minden alkalommal k\u00e9zzel kell, hogy be\u00e1ll\u00edtsa vagy beg\u00e9pelje.<\/li><li>\u00c9rdektelen hirdet\u00e9sek jelennek meg.<\/li><\/ul>\n\n\n\n<div style=\"height:20px\" aria-hidden=\"true\" class=\"wp-block-spacer\"><\/div>\n\n\n\n<h5 class=\"wp-block-heading\">VI. HOGYAN TILTHATJA LE A COOKIE-KAT?<\/h5>\n\n\n\n<p>Lehet\u0151s\u00e9ge van arra, hogy b\u00e1rmikor t\u00f6r\u00f6lje a cookie-kat a haszn\u00e1lt sz\u00e1m\u00edt\u00f3g\u00e9pr\u0151l vagy m\u00e1s eszk\u00f6zr\u0151l.<br>Emellett a b\u00f6ng\u00e9sz\u0151programok t\u00f6bbs\u00e9g\u00e9ben le tudja tiltani az elhelyez\u00e9s\u00fcket.<br>Ezt \u00e1ltal\u00e1ban az Eszk\u00f6z\u00f6k\/Be\u00e1ll\u00edt\u00e1sok men\u00fcben az Adatv\u00e9delem be\u00e1ll\u00edt\u00e1sai \u2013 cookie vagy s\u00fcti megnevez\u00e9s alatt tal\u00e1lja.<\/p>\n\n\n\n<p>Ha m\u00e9g t\u00f6bbet szeretne megtudni a cookie-kr\u00f3l, azok haszn\u00e1lat\u00e1r\u00f3l \u00e9s arr\u00f3l, hogy milyen d\u00f6nt\u00e9sei lehetnek ezzel kapcsolatban, l\u00e1togasson el ezekre a honlapokra:\u00a0<a rel=\"noreferrer noopener\" href=\"https:\/\/www.linkedin.com\/redir\/redirect?url=http%3A%2F%2Fwww%2Eallaboutcookies%2Eorg%2F&amp;urlhash=-WRw\" target=\"_blank\">www.allaboutcookies.org<\/a>\u00a0vagy\u00a0<a rel=\"noreferrer noopener\" href=\"https:\/\/www.linkedin.com\/redir\/redirect?url=http%3A%2F%2Fwww%2Eaboutcookies%2Eorg&amp;urlhash=pKk7\" target=\"_blank\">www.aboutcookies.org<\/a>.<\/p>\n\n\n\n<p>Amennyiben a cookie elhelyez\u00e9se \u00e9s haszn\u00e1lata a hozz\u00e1j\u00e1rul\u00e1s\u00e1hoz k\u00f6t\u00f6tt:<\/p>\n\n\n\n<ul class=\"wp-block-list\"><li>Oldalunk alj\u00e1n felbukkan\u00f3 \u201cCookie be\u00e1ll\u00edt\u00e1sok\u201d gombra kattintva\u00a0a hozz\u00e1j\u00e1rul\u00e1s\u00e1t b\u00e1rmikor m\u00f3dos\u00edthatja, visszavonhatja.<\/li><\/ul>\n\n\n\n<p>Az al\u00e1bbi linkeken kaphat b\u0151vebb inform\u00e1ci\u00f3t a leggyakoribb b\u00f6ng\u00e9sz\u0151k cookie-kezel\u00e9s\u00e9r\u0151l:<\/p>\n\n\n\n<p><strong>Internet Explorer:<\/strong>\u00a0<a rel=\"noreferrer noopener\" href=\"https:\/\/support.microsoft.com\/hu-hu\/help\/17442\/windows-internet-explorer-delete-manage-cookies\" target=\"_blank\">https:\/\/support.microsoft.com\/hu-hu\/help\/17442\/windows-internet-explorer-delete-manage-cookies<\/a><br><strong>Google Chrome:<\/strong>\u00a0<a rel=\"noreferrer noopener\" href=\"https:\/\/support.google.com\/accounts\/answer\/61416?hl=hu\" target=\"_blank\">https:\/\/support.google.com\/accounts\/answer\/61416?hl=hu<\/a><br><strong>Mozilla Firefox:<\/strong>\u00a0<a rel=\"noreferrer noopener\" href=\"https:\/\/support.mozilla.org\/hu\/kb\/sutik-engedelyezese-es-tiltasa-amit-weboldak-haszn\" target=\"_blank\">https:\/\/support.mozilla.org\/hu\/kb\/sutik-engedelyezese-es-tiltasa-amit-weboldak-haszn<\/a><br><strong>Safari:<\/strong>\u00a0<a rel=\"noreferrer noopener\" href=\"https:\/\/support.apple.com\/kb\/PH17191?locale=hu_HU\" target=\"_blank\">https:\/\/support.apple.com\/kb\/PH17191?locale=hu_HU<\/a><br><strong>Opera:<\/strong>\u00a0<a rel=\"noreferrer noopener\" href=\"http:\/\/help.opera.com\/Windows\/10.20\/hu\/cookies.html\" target=\"_blank\">http:\/\/help.opera.com\/Windows\/10.20\/hu\/cookies.html<\/a><\/p>\n\n\n\n<div style=\"height:10px\" aria-hidden=\"true\" class=\"wp-block-spacer\"><\/div>\n\n\n\n<h5 class=\"wp-block-heading\">VII. MILYEN COOKIE-KAT HASZN\u00c1LUNK?<\/h5>\n\n\n\n<p>Az al\u00e1bbiakban az \u00e1ltalunk haszn\u00e1lt cookie-k list\u00e1j\u00e1t tal\u00e1lja. <\/p>\n\n\n\n<p><strong>7.1. <strong>M\u0171k\u00f6d\u00e9shez<\/strong> sz\u00fcks\u00e9ges s\u00fctik<\/strong><\/p>\n\n\n\n<p>Ezen cookie-k elhelyez\u00e9se \u00e9s egy\u00e9b technol\u00f3gi\u00e1k haszn\u00e1lata a hozz\u00e1j\u00e1rul\u00e1sa n\u00e9lk\u00fcl t\u00f6rt\u00e9nik.<\/p>\n\n\n\n<p><strong>7.2. <strong>Statisztikai c\u00e9l\u00fa <\/strong>s\u00fctik<\/strong><\/p>\n\n\n\n<p>Ezen cookie-k elhelyez\u00e9s\u00e9hez sz\u00fcks\u00e9ges a hozz\u00e1j\u00e1rul\u00e1sa. A hozz\u00e1j\u00e1rul\u00e1sa hi\u00e1ny\u00e1ban nem helyezz\u00fck el azt az \u00d6n \u00e1ltala haszn\u00e1lt eszk\u00f6z\u00f6n.<br>A hozz\u00e1j\u00e1rul\u00e1s\u00e1t b\u00e1rmikor megadhatja \u00e9s visszavonhatja. Ezeket az adatok az\u00e9rt gy\u0171jtj\u00fck, hogy aggreg\u00e1lt statisztik\u00e1kat k\u00e9sz\u00edts\u00fcnk \u00e9s azok alapj\u00e1n fejlessz\u00fck weboldalunkat.<\/p>\n\n\n\n<p><strong><strong>Google Analytics cookie<\/strong><\/strong><\/p>\n\n\n\n<p>A \u201ecookie-ban\u201d r\u00f6gz\u00edtett, weboldal l\u00e1togatotts\u00e1g\u00e1ra vonatkoz\u00f3 adatok (a l\u00e1togat\u00e1s id\u0151pontj\u00e1val \u00e9s az \u00d6n IP c\u00edm\u00e9vel egy\u00fctt) a Google USA szervereire ker\u00fclnek \u00e1tvitelre \u00e9s let\u00e1rol\u00e1sra. A Google arra haszn\u00e1lja ezeket az adatokat, hogy az \u00d6n honlap-l\u00e1togat\u00e1si szok\u00e1sait ki\u00e9rt\u00e9kelje, jelent\u00e9seket \u00e1ll\u00edtson \u00f6ssze ezekr\u0151l, valamint arra, hogy egy\u00e9b, a weboldallal \u00e9s az internet haszn\u00e1lat\u00e1val kapcsolatos szolg\u00e1ltat\u00e1sokat ny\u00fajtson.<\/p>\n\n\n\n<p>Azok a felhaszn\u00e1l\u00f3k, akik nem szeretn\u00e9k, hogy a Google Analytics jelent\u00e9st k\u00e9sz\u00edtsen a l\u00e1togat\u00e1sukr\u00f3l, telep\u00edthetik a Google Analytics letilt\u00f3 b\u00f6ng\u00e9sz\u0151b\u0151v\u00edtm\u00e9nyt. Ez a kieg\u00e9sz\u00edt\u0151 arra utas\u00edtja a Google Analytics JavaScript-szkriptjeit (ga.js, analytics.js, and dc.js), hogy ne k\u00fcldjenek l\u00e1togat\u00e1si inform\u00e1ci\u00f3t a Google sz\u00e1m\u00e1ra. Emellett azok a felhaszn\u00e1l\u00f3k, akik telep\u00edtett\u00e9k a letilt\u00f3 b\u00f6ng\u00e9sz\u0151b\u0151v\u00edtm\u00e9nyt, a tartalmi k\u00eds\u00e9rletekben sem vesznek r\u00e9szt.<\/p>\n\n\n\n<p>Ha le szeretn\u00e9 tiltani az Analytics webes tev\u00e9kenys\u00e9g\u00e9t, keresse fel a Google Analytics letilt\u00f3 oldal\u00e1t (<a href=\"http:\/\/tools.google.com\/dlpage\/gaoptout\">http:\/\/tools.google.com\/dlpage\/gaoptout<\/a>), \u00e9s telep\u00edtse a b\u0151v\u00edtm\u00e9nyt b\u00f6ng\u00e9sz\u0151j\u00e9hez. A b\u0151v\u00edtm\u00e9ny telep\u00edt\u00e9s\u00e9r\u0151l \u00e9s elt\u00e1vol\u00edt\u00e1s\u00e1r\u00f3l tov\u00e1bbi t\u00e1j\u00e9koztat\u00e1s\u00e9rt tekintse meg az adott b\u00f6ng\u00e9sz\u0151h\u00f6z tartoz\u00f3 s\u00fag\u00f3t.<\/p>\n\n\n\n<p><strong>A Google Analytics adatkezel\u00e9si ir\u00e1nyelveir\u0151l az al\u00e1bbi oldalakon t\u00e1j\u00e9koz\u00f3dhat:<\/strong><\/p>\n\n\n\n<p><a href=\"https:\/\/developers.google.com\/analytics\/devguides\/collection\/analyticsjs\/cookie-usage?hl=hu\">https:\/\/developers.google.com\/analytics\/devguides\/collection\/analyticsjs\/cookie-usage?hl=hu<\/a><br><a href=\"https:\/\/policies.google.com\/technologies\/cookies?hl=hu\">https:\/\/policies.google.com\/technologies\/cookies?hl=hu<\/a><br><a href=\"https:\/\/policies.google.com\/technologies\/types?hl=hu\">https:\/\/policies.google.com\/technologies\/types?hl=hu<\/a><br><a href=\"https:\/\/policies.google.com\/privacy?hl=hu\">https:\/\/policies.google.com\/privacy?hl=hu<\/a><\/p>\n\n\n\n<p>A Google LLC a Privacy Shiled Keretegyezm\u00e9ny alapj\u00e1n vezetett megfelel\u0151s\u00e9gi list\u00e1ban szerepel.<br><a rel=\"noreferrer noopener\" href=\"http:\/\/www.google.com\/policies\/privacy\/\" target=\"_blank\">Google Adatkezel\u00e9si t\u00e1j\u00e9koztat\u00f3<\/a><\/p>\n","protected":false},"excerpt":{"rendered":"<p>Hat\u00e1lyos 2022. janu\u00e1r 1. napj\u00e1t\u00f3l Az EU 2009\/136\/CE rendelete \u00e9s a vonatkoz\u00f3 jogszab\u00e1lyok szerint t\u00e1j\u00e9koztatjuk, hogy ez a weboldal saj\u00e1t \u00e9s harmadik f\u00e9lt\u0151l sz\u00e1rmaz\u00f3 cookiekat is haszn\u00e1l. Olvassa el ezt a t\u00e1j\u00e9koztat\u00f3t annak meg\u00e9rt\u00e9se \u00e9rdek\u00e9ben, hogy a s\u00fctik haszn\u00e1lat\u00e1val milyen inform\u00e1ci\u00f3kat gy\u0171jt\u00fcnk \u00e9s ezeket hogyan haszn\u00e1ljuk, illetve a cookie-be\u00e1ll\u00edt\u00e1sok szab\u00e1lyoz\u00e1s\u00e1nak m\u00f3dj\u00e1r\u00f3l is itt t\u00e1j\u00e9koz\u00f3dhat!Fontos tudnia, [&hellip;]<\/p>\n","protected":false},"author":1,"featured_media":0,"parent":0,"menu_order":0,"comment_status":"closed","ping_status":"closed","template":"","meta":{"_acf_changed":false,"footnotes":""},"class_list":["post-94","page","type-page","status-publish","hentry"],"acf":[],"_links":{"self":[{"href":"https:\/\/demo.plus36creatives.hu\/micro\/wp-json\/wp\/v2\/pages\/94","targetHints":{"allow":["GET"]}}],"collection":[{"href":"https:\/\/demo.plus36creatives.hu\/micro\/wp-json\/wp\/v2\/pages"}],"about":[{"href":"https:\/\/demo.plus36creatives.hu\/micro\/wp-json\/wp\/v2\/types\/page"}],"author":[{"embeddable":true,"href":"https:\/\/demo.plus36creatives.hu\/micro\/wp-json\/wp\/v2\/users\/1"}],"replies":[{"embeddable":true,"href":"https:\/\/demo.plus36creatives.hu\/micro\/wp-json\/wp\/v2\/comments?post=94"}],"version-history":[{"count":0,"href":"https:\/\/demo.plus36creatives.hu\/micro\/wp-json\/wp\/v2\/pages\/94\/revisions"}],"wp:attachment":[{"href":"https:\/\/demo.plus36creatives.hu\/micro\/wp-json\/wp\/v2\/media?parent=94"}],"curies":[{"name":"wp","href":"https:\/\/api.w.org\/{rel}","templated":true}]}}