{"id":101,"date":"2022-02-23T09:31:40","date_gmt":"2022-02-23T08:31:40","guid":{"rendered":"https:\/\/demo.plus36creatives.hu\/micro\/?page_id=101"},"modified":"2022-02-23T14:14:07","modified_gmt":"2022-02-23T13:14:07","slug":"altalanos-szerzodesi-feltetelek","status":"publish","type":"page","link":"https:\/\/demo.plus36creatives.hu\/micro\/altalanos-szerzodesi-feltetelek\/","title":{"rendered":"\u00c1ltal\u00e1nos szerz\u0151d\u00e9si felt\u00e9telek"},"content":{"rendered":"\n<p>Hat\u00e1lyos 2022. janu\u00e1r 1. napj\u00e1t\u00f3l<\/p>\n\n\n\n<h4 class=\"wp-block-heading\" id=\"a-vallalkozo-adatai-es-elerhetosegei\">A V\u00e1llalkoz\u00e1s adatai \u00e9s el\u00e9rhet\u0151s\u00e9gei<\/h4>\n\n\n\n<ol class=\"wp-block-list\"><li>C\u00e9gn\u00e9v:<\/li><li>S<span style=\"color: initial;\">z\u00e9khely:<\/span><\/li><li>Telefonsz\u00e1m:<\/li><li>E-mail c\u00edm:<\/li><li><span style=\"color: initial;\">Ad\u00f3sz\u00e1m:<\/span><\/li><li>C\u00e9gjegyz\u00e9ksz\u00e1m:<\/li><li>Nyilv\u00e1ntart\u00e1sban bejegyz\u0151 hat\u00f3s\u00e1g neve (c\u00e9gb\u00edr\u00f3s\u00e1g):<\/li><li>Adatv\u00e9delmi nyilv\u00e1ntart\u00e1si sz\u00e1ma:<\/li><li>Enged\u00e9ly sz\u00e1m:<\/li><li>A szerz\u0151d\u00e9s nyelve: magyar<\/li><\/ol>\n\n\n\n<p>Az \u00c1ltal\u00e1nos Szolg\u00e1ltat\u00e1si Felt\u00e9telek (\u201e\u00c1SZF\u201d) tartalmazz\u00e1k a v\u00e1llalkoz\u00e1s \u00e1ltal \u00fczemeltetett weboldal<br>haszn\u00e1lat\u00e1ra vonatkoz\u00f3 \u00e1ltal\u00e1nos szerz\u0151d\u00e9si felt\u00e9teleket. <br>K\u00e9rj\u00fck, hogy csak akkor vegye ig\u00e9nybe szolg\u00e1ltat\u00e1sainkat, amennyiben minden pontj\u00e1val egyet\u00e9rt, \u00e9s k\u00f6telez\u0151 \u00e9rv\u00e9ny\u0171nek tekinti mag\u00e1ra n\u00e9zve. <br>Jelen dokumentum nem ker\u00fcl iktat\u00e1sra, kiz\u00e1r\u00f3lag elektronikus form\u00e1ban ker\u00fcl megk\u00f6t\u00e9sre (nem min\u0151s\u00fcl \u00edr\u00e1sba foglalt szerz\u0151d\u00e9snek), magatart\u00e1si k\u00f3dexre nem utal.<br><br><strong>Alapvet\u0151 rendelkez\u00e9sek<br><\/strong>1.1. A jelen Szab\u00e1lyzatban nem szab\u00e1lyozott k\u00e9rd\u00e9sekre, valamint jelen Szab\u00e1lyzat \u00e9rtelmez\u00e9s\u00e9re a magyar jog az ir\u00e1nyad\u00f3, k\u00fcl\u00f6n\u00f6s tekintettel a 2013. \u00e9vi V. t\u00f6rv\u00e9ny (\u201ePtk.\u201d) elektronikus kereskedelmi szolg\u00e1ltat\u00e1sok, valamint az inform\u00e1ci\u00f3s t\u00e1rsadalommal \u00f6sszef\u00fcgg\u0151 szolg\u00e1ltat\u00e1sok egyes k\u00e9rd\u00e9seir\u0151l<br>sz\u00f3l\u00f3 2001. \u00e9vi CVIII. t\u00f6rv\u00e9ny vonatkoz\u00f3 rendelkez\u00e9seire. <br>A vonatkoz\u00f3 jogszab\u00e1lyok k\u00f6telez\u0151 rendelkez\u00e9sei a felekre k\u00fcl\u00f6n kik\u00f6t\u00e9s n\u00e9lk\u00fcl is ir\u00e1nyad\u00f3k.<br>1.2. Rendelkez\u00e9sre \u00e1ll\u00e1s<br>_______________________________________________<br><br><strong>Adatkezel\u00e9si szab\u00e1lyok<\/strong><br>1.5. Utalni kell az adatv\u00e9delmi t\u00e1j\u00e9koztat\u00f3 el\u00e9rhet\u0151s\u00e9g\u00e9re, fel kell t\u00fcntetni az adatv\u00e9delmi nyilv\u00e1ntart\u00e1si sz\u00e1mot.<\/p>\n\n\n\n<p><br><strong>Megv\u00e1s\u00e1rolhat\u00f3 term\u00e9kek, szolg\u00e1ltat\u00e1sok k\u00f6re<br><\/strong>1.6.  <strong>??? <\/strong>A megjelen\u00edtett term\u00e9kek csak online, vagy szem\u00e9lyesen is megv\u00e1s\u00e1rolhat\u00f3k?<br>\u00c1fa-tartalom<br>H\u00e1zhozsz\u00e1ll\u00edt\u00e1si d\u00edj, csomagol\u00e1si d\u00edj<br><br>1.7. <strong>???<\/strong> A term\u00e9kek adatlapj\u00e1n megjelen\u00edtett k\u00e9pek elt\u00e9rhetnek a val\u00f3s\u00e1gost\u00f3l, bizonyos esetekben illusztr\u00e1ci\u00f3k\u00e9nt szerepelnek.<br>1.8. <strong>???<\/strong> Akci\u00f3s \u00e1rak id\u0151tartama <br><br><strong>Rendel\u00e9s menete<\/strong><br>1.9. <br>1.10. Adatbeviteli hib\u00e1k kijav\u00edt\u00e1s\u00e1ra vonatkoz\u00f3 lehet\u0151s\u00e9gek<br>1.11. Fizet\u00e9si lehet\u0151s\u00e9gek, sz\u00e1ll\u00edt\u00e1si m\u00f3dok le\u00edr\u00e1sa<br><br><strong>A megrendel\u00e9sek feldolgoz\u00e1sa \u00e9s teljes\u00edt\u00e9s<\/strong><br>1.13. A megrendel\u00e9sek feldolgoz\u00e1sa mikor t\u00f6rt\u00e9nik<br>1.14. \u00c1ltal\u00e1nos teljes\u00edt\u00e9si hat\u00e1rid\u0151, a visszaigazol\u00e1st\u00f3l sz\u00e1m\u00edtott x munkanapon bel\u00fcl.<br>Ha Szolg\u00e1ltat\u00f3 \u00e9s Felhaszn\u00e1l\u00f3 a teljes\u00edt\u00e9s id\u0151pontj\u00e1ban nem \u00e1llapodtak meg, Szolg\u00e1ltat\u00f3 Felhaszn\u00e1l\u00f3 felsz\u00f3l\u00edt\u00e1s\u00e1ban meghat\u00e1rozott id\u0151pontban vagy id\u0151n bel\u00fcl, felsz\u00f3l\u00edt\u00e1s hi\u00e1ny\u00e1ban legk\u00e9s\u0151bb a megrendel\u00e9snek Szolg\u00e1ltat\u00f3hoz val\u00f3 meg\u00e9rkez\u00e9s\u00e9t\u0151l sz\u00e1m\u00edtott harminc napon bel\u00fcl k\u00f6teles a szerz\u0151d\u00e9s szerinti teljes\u00edt\u00e9sre.<br>1.15. Ha Szolg\u00e1ltat\u00f3 a szerz\u0151d\u00e9sben v\u00e1llalt k\u00f6telezetts\u00e9g\u00e9t az\u00e9rt nem teljes\u00edti, mert a szerz\u0151d\u00e9sben meghat\u00e1rozott term\u00e9k nem \u00e1ll rendelkez\u00e9s\u00e9re, k\u00f6teles err\u0151l Felhaszn\u00e1l\u00f3t halad\u00e9ktalanul t\u00e1j\u00e9koztatni, valamint Felhaszn\u00e1l\u00f3 \u00e1ltal fizetett \u00f6sszeget halad\u00e9ktalanul, de legk\u00e9s\u0151bb harminc napon bel\u00fcl visszat\u00e9r\u00edteni. E k\u00f6telezetts\u00e9g teljes\u00edt\u00e9se Szolg\u00e1ltat\u00f3t nem mentes\u00edti szerz\u0151d\u00e9sszeg\u00e9se egy\u00e9b k\u00f6vetkezm\u00e9nyei al\u00f3l.<br><\/p>\n\n\n\n<p><strong>El\u00e1ll\u00e1s joga<\/strong><br>1.16. A fogyaszt\u00f3 \u00e9s a v\u00e1llalkoz\u00e1s k\u00f6z\u00f6tti szerz\u0151d\u00e9sek r\u00e9szletes szab\u00e1lyair\u00f3l sz\u00f3l\u00f3 45\/2014. (II.26.) Korm. rendelet szab\u00e1lyoz\u00e1sa \u00e9rtelm\u00e9ben Felhaszn\u00e1l\u00f3 a megrendelt term\u00e9k k\u00e9zhez v\u00e9tel\u00e9t\u0151l sz\u00e1m\u00edtott 14 napon bel\u00fcl indokl\u00e1s n\u00e9lk\u00fcl el\u00e1llhat a szerz\u0151d\u00e9st\u0151l, visszak\u00fcldheti a megrendelt term\u00e9ket.<br>1.17. Az el\u00e1ll\u00e1si jog gyakorl\u00e1s\u00e1nak menete\u2026 (mikor \u00e9lhet vele a v\u00e1s\u00e1rl\u00f3, mikor nem, halad\u00e9ktalanul, de legk\u00e9s\u0151bb 14 napon bel\u00fcl visszautalja a web\u00e1ruh\u00e1z az \u00e1rat, kiv\u00e9telek stb.)<br><\/p>\n\n\n\n<p><strong>Garancia, j\u00f3t\u00e1ll\u00e1s<\/strong><br>1.18. Term\u00e9keinkre X h\u00f3nap garanci\u00e1t v\u00e1llalunk. Meghib\u00e1sod\u00e1s eset\u00e9n a garancia lev\u00e9lben tal\u00e1lhat\u00f3 szervizek b\u00e1rmelyik\u00e9ben szem\u00e9lyesen vagy telefonon t\u00e1j\u00e9koztatj\u00e1k a teend\u0151kr\u0151l, illetve el\u00e9rhet\u0151s\u00e9geink valamelyik\u00e9n is t\u00e1j\u00e9koztat\u00e1st ny\u00fajtunk. <br>L\u00e1sd m\u00e9g: 151\/2003. Korm. rendelet. A PTK-f\u00e9le j\u00f3t\u00e1ll\u00e1s, kell\u00e9kszavatoss\u00e1g, term\u00e9kszavatoss\u00e1g szab\u00e1lyai.<br><\/p>\n\n\n\n<p><strong>Panaszkezel\u00e9s<\/strong><\/p>\n\n\n\n<p><br><strong>Vegyes rendelkez\u00e9sek<\/strong><\/p>\n\n\n\n<p><br>1.20. Szolg\u00e1ltat\u00f3 \u00e9s Felhaszn\u00e1l\u00f3 vit\u00e1s \u00fcgyeiket b\u00e9k\u00e9s \u00faton pr\u00f3b\u00e1lj\u00e1k rendezni. <br>Felhaszn\u00e1l\u00f3 \u00e9s a Szolg\u00e1ltat\u00f3 a jelen Szab\u00e1lyzat hat\u00e1lya al\u00e1 tartoz\u00f3, megegyez\u00e9ssel 30 (harminc) napt\u00e1ri nap alatt nem rendezhet\u0151 esetleges jogvit\u00e1kra n\u00e9zve kik\u00f6tik a  ___________________ B\u00edr\u00f3s\u00e1g\/T\u00f6rv\u00e9nysz\u00e9k illet\u00e9kess\u00e9g\u00e9t.<\/p>\n\n\n\n<p><br>Telep\u00fcl\u00e9s , 2022. _________________________________<\/p>\n","protected":false},"excerpt":{"rendered":"<p>Hat\u00e1lyos 2022. janu\u00e1r 1. napj\u00e1t\u00f3l A V\u00e1llalkoz\u00e1s adatai \u00e9s el\u00e9rhet\u0151s\u00e9gei C\u00e9gn\u00e9v: Sz\u00e9khely: Telefonsz\u00e1m: E-mail c\u00edm: Ad\u00f3sz\u00e1m: C\u00e9gjegyz\u00e9ksz\u00e1m: Nyilv\u00e1ntart\u00e1sban bejegyz\u0151 hat\u00f3s\u00e1g neve (c\u00e9gb\u00edr\u00f3s\u00e1g): Adatv\u00e9delmi nyilv\u00e1ntart\u00e1si sz\u00e1ma: Enged\u00e9ly sz\u00e1m: A szerz\u0151d\u00e9s nyelve: magyar Az \u00c1ltal\u00e1nos Szolg\u00e1ltat\u00e1si Felt\u00e9telek (\u201e\u00c1SZF\u201d) tartalmazz\u00e1k a v\u00e1llalkoz\u00e1s \u00e1ltal \u00fczemeltetett weboldalhaszn\u00e1lat\u00e1ra vonatkoz\u00f3 \u00e1ltal\u00e1nos szerz\u0151d\u00e9si felt\u00e9teleket. K\u00e9rj\u00fck, hogy csak akkor vegye ig\u00e9nybe szolg\u00e1ltat\u00e1sainkat, amennyiben minden [&hellip;]<\/p>\n","protected":false},"author":1,"featured_media":0,"parent":0,"menu_order":0,"comment_status":"closed","ping_status":"closed","template":"","meta":{"_acf_changed":false,"footnotes":""},"class_list":["post-101","page","type-page","status-publish","hentry"],"acf":[],"_links":{"self":[{"href":"https:\/\/demo.plus36creatives.hu\/micro\/wp-json\/wp\/v2\/pages\/101","targetHints":{"allow":["GET"]}}],"collection":[{"href":"https:\/\/demo.plus36creatives.hu\/micro\/wp-json\/wp\/v2\/pages"}],"about":[{"href":"https:\/\/demo.plus36creatives.hu\/micro\/wp-json\/wp\/v2\/types\/page"}],"author":[{"embeddable":true,"href":"https:\/\/demo.plus36creatives.hu\/micro\/wp-json\/wp\/v2\/users\/1"}],"replies":[{"embeddable":true,"href":"https:\/\/demo.plus36creatives.hu\/micro\/wp-json\/wp\/v2\/comments?post=101"}],"version-history":[{"count":0,"href":"https:\/\/demo.plus36creatives.hu\/micro\/wp-json\/wp\/v2\/pages\/101\/revisions"}],"wp:attachment":[{"href":"https:\/\/demo.plus36creatives.hu\/micro\/wp-json\/wp\/v2\/media?parent=101"}],"curies":[{"name":"wp","href":"https:\/\/api.w.org\/{rel}","templated":true}]}}